{"id":10,"date":"2022-06-14T11:18:58","date_gmt":"2022-06-14T09:18:58","guid":{"rendered":"https:\/\/www.raphaelmezrahi.com\/?page_id=10"},"modified":"2023-11-11T00:02:06","modified_gmt":"2023-11-10T23:02:06","slug":"a-propos-de","status":"publish","type":"page","link":"https:\/\/www.raphaelmezrahi.com\/","title":{"rendered":"Raphael Mezrahi"},"content":{"rendered":"\t\t<div data-elementor-type=\"wp-page\" data-elementor-id=\"10\" class=\"elementor elementor-10\">\n\t\t\t\t\t\t<section class=\"elementor-section elementor-top-section elementor-element elementor-element-f586514 elementor-section-boxed elementor-section-height-default elementor-section-height-default\" data-id=\"f586514\" data-element_type=\"section\" data-settings=\"{&quot;background_background&quot;:&quot;classic&quot;}\">\n\t\t\t\t\t\t<div class=\"elementor-container elementor-column-gap-default\">\n\t\t\t\t\t<div class=\"elementor-column elementor-col-50 elementor-top-column elementor-element elementor-element-2bd4e7e\" data-id=\"2bd4e7e\" data-element_type=\"column\">\n\t\t\t<div class=\"elementor-widget-wrap elementor-element-populated\">\n\t\t\t\t\t\t<div class=\"elementor-element elementor-element-7a90620 elementor-widget elementor-widget-eael-twitter-feed\" data-id=\"7a90620\" data-element_type=\"widget\" data-settings=\"{&quot;pagination&quot;:&quot;false&quot;}\" data-widget_type=\"eael-twitter-feed.default\">\n\t\t\t\t<div class=\"elementor-widget-container\">\n\t\t\t\t\t \n        <div>\n            <div class=\"eael-twitter-feed eael-twitter-feed-7a90620 eael-twitter-feed-masonry eael-twitter-feed-col-2 clearfix\" data-gutter=\"0\" data-posts-per-page=\"\" data-total-posts=\"6\" data-nomore-item-text=\"\" data-next-page=\"2\" >\n                <div class=\"eael-twitter-feed-item  page-1 eael-d-block \">\n\t\t\t\t<div class=\"eael-twitter-feed-item-inner\">\n\t\t\t\t    <div class=\"eael-twitter-feed-item-header clearfix\"><a class=\"eael-twitter-feed-item-meta\" href=\"\/\/twitter.com\/@raphmezrahi\" target=\"_blank\"><span class=\"eael-twitter-feed-item-author\"><\/span>\n                        <\/a><span class=\"eael-twitter-feed-item-date\">3 ans ago<\/span><\/div>\n\n                    <div class=\"eael-twitter-feed-item-content\"><p>RT @rosekeren: Depuis le temps que je r\u00eave d\u2019y participer\u2026 Merci @raphmezrahi d\u2019avoir compris que la d\u00e9prime et moi, c\u2019est une grande histo\u2026<\/p><\/div>\n                    <img decoding=\"async\" src=\"https:\/\/pbs.twimg.com\/media\/FnPamlZaEAkp8of.jpg\">\n                <\/div>\n\t\t\t<\/div><div class=\"eael-twitter-feed-item  page-1 eael-d-block \">\n\t\t\t\t<div class=\"eael-twitter-feed-item-inner\">\n\t\t\t\t    <div class=\"eael-twitter-feed-item-header clearfix\"><a class=\"eael-twitter-feed-item-meta\" href=\"\/\/twitter.com\/@raphmezrahi\" target=\"_blank\"><span class=\"eael-twitter-feed-item-author\"><\/span>\n                        <\/a><span class=\"eael-twitter-feed-item-date\">3 ans ago<\/span><\/div>\n\n                    <div class=\"eael-twitter-feed-item-content\"><p>RT @francebleu: Dans #MaFrance, @raphmezrahi d\u00e9voile les coulisses de sa 9e #NuitDeLaDeprime au profit de la cause animale \n@FoliesOfficiel\u2026<\/p><\/div>\n                    <img decoding=\"async\" src=\"https:\/\/pbs.twimg.com\/media\/FnKUzwbXEAAf38q.jpg\">\n                <\/div>\n\t\t\t<\/div><div class=\"eael-twitter-feed-item  page-1 eael-d-block \">\n\t\t\t\t<div class=\"eael-twitter-feed-item-inner\">\n\t\t\t\t    <div class=\"eael-twitter-feed-item-header clearfix\"><a class=\"eael-twitter-feed-item-meta\" href=\"\/\/twitter.com\/@raphmezrahi\" target=\"_blank\"><span class=\"eael-twitter-feed-item-author\"><\/span>\n                        <\/a><span class=\"eael-twitter-feed-item-date\">3 ans ago<\/span><\/div>\n\n                    <div class=\"eael-twitter-feed-item-content\"><p>@GMeurice Si tu me sites \u2026 y\u2019a plus de vanne ! Merci de m\u2019adorer ha ha! \u00c0 vite !<\/p><\/div>\n                    \n                <\/div>\n\t\t\t<\/div><div class=\"eael-twitter-feed-item  page-1 eael-d-block \">\n\t\t\t\t<div class=\"eael-twitter-feed-item-inner\">\n\t\t\t\t    <div class=\"eael-twitter-feed-item-header clearfix\"><a class=\"eael-twitter-feed-item-meta\" href=\"\/\/twitter.com\/@raphmezrahi\" target=\"_blank\"><span class=\"eael-twitter-feed-item-author\"><\/span>\n                        <\/a><span class=\"eael-twitter-feed-item-date\">3 ans ago<\/span><\/div>\n\n                    <div class=\"eael-twitter-feed-item-content\"><p>RT @SudRadio: \ud83d\udddd\ufe0fLes clefs d'une vie, 21h - 22h @JACQUESPESSIS\n\n\ud83d\udd34RDV ce soir \u00e0 21h avec @raphmezrahi \n\n\ud83d\udcd6Pour la neuvi\u00e8me fois, il organise \"\u2026<\/p><\/div>\n                    <img decoding=\"async\" src=\"https:\/\/pbs.twimg.com\/media\/Fmr3fEwWAAE4n3e.jpg\">\n                <\/div>\n\t\t\t<\/div><div class=\"eael-twitter-feed-item  page-1 eael-d-block \">\n\t\t\t\t<div class=\"eael-twitter-feed-item-inner\">\n\t\t\t\t    <div class=\"eael-twitter-feed-item-header clearfix\"><a class=\"eael-twitter-feed-item-meta\" href=\"\/\/twitter.com\/@raphmezrahi\" target=\"_blank\"><span class=\"eael-twitter-feed-item-author\"><\/span>\n                        <\/a><span class=\"eael-twitter-feed-item-date\">3 ans ago<\/span><\/div>\n\n                    <div class=\"eael-twitter-feed-item-content\"><p>RT @20h40Prod: La #Nuitdelad\u00e9prime revient le 30 janvier 2023 \u00e0 20h00 aux @FoliesOfficiel ! Le parrain de cette 9\u00e8me \u00e9dition, orchestr\u00e9e av\u2026<\/p><\/div>\n                    <img decoding=\"async\" src=\"https:\/\/pbs.twimg.com\/media\/FmR5ktSWQAE0FAE.jpg\">\n                <\/div>\n\t\t\t<\/div><div class=\"eael-twitter-feed-item  page-1 eael-d-block eael-last-twitter-feed-item \">\n\t\t\t\t<div class=\"eael-twitter-feed-item-inner\">\n\t\t\t\t    <div class=\"eael-twitter-feed-item-header clearfix\"><a class=\"eael-twitter-feed-item-meta\" href=\"\/\/twitter.com\/@raphmezrahi\" target=\"_blank\"><span class=\"eael-twitter-feed-item-author\"><\/span>\n                        <\/a><span class=\"eael-twitter-feed-item-date\">3 ans ago<\/span><\/div>\n\n                    <div class=\"eael-twitter-feed-item-content\"><p>RT @Nagui: Je viens de signer l'initiative citoyenne europ\u00e9enne #FurFreeEurope. Nous avons besoin d'1 millions de signatures pour l'interdi\u2026<\/p><\/div>\n                    \n                <\/div>\n\t\t\t<\/div>            <\/div>\n            <div class=\"clearfix\">\n                            <\/div>\n        <\/div>\n\n        <style>\n            .eael-twitter-feed-7a90620.eael-twitter-feed-masonry.eael-twitter-feed-col-2 .eael-twitter-feed-item {\n                width: calc(50% - 0px);\n            }\n            .eael-twitter-feed-7a90620.eael-twitter-feed-masonry.eael-twitter-feed-col-3 .eael-twitter-feed-item {\n                width: calc(33.33% - 0px);\n            }\n            .eael-twitter-feed-7a90620.eael-twitter-feed-masonry.eael-twitter-feed-col-4 .eael-twitter-feed-item {\n                width: calc(25% - 0px);\n            }\n\n            .eael-twitter-feed-7a90620.eael-twitter-feed-col-2 .eael-twitter-feed-item,\n            .eael-twitter-feed-7a90620.eael-twitter-feed-col-3 .eael-twitter-feed-item,\n            .eael-twitter-feed-7a90620.eael-twitter-feed-col-4 .eael-twitter-feed-item {\n                margin-bottom: 0px;\n            }\n            @media only screen and (min-width: 768px) and (max-width: 992px) {\n                .eael-twitter-feed-7a90620.eael-twitter-feed-masonry.eael-twitter-feed-col-3 .eael-twitter-feed-item,\n                .eael-twitter-feed-7a90620.eael-twitter-feed-masonry.eael-twitter-feed-col-4 .eael-twitter-feed-item {\n                    width: calc(50% - 0px);\n                }\n            }\n        <\/style>\t\t\t\t<\/div>\n\t\t\t\t<\/div>\n\t\t\t\t\t<\/div>\n\t\t<\/div>\n\t\t\t\t<div class=\"elementor-column elementor-col-50 elementor-top-column elementor-element elementor-element-61da806\" data-id=\"61da806\" data-element_type=\"column\">\n\t\t\t<div class=\"elementor-widget-wrap elementor-element-populated\">\n\t\t\t\t\t\t<div class=\"elementor-element elementor-element-bbf15cf elementor-widget elementor-widget-image\" data-id=\"bbf15cf\" data-element_type=\"widget\" data-widget_type=\"image.default\">\n\t\t\t\t<div class=\"elementor-widget-container\">\n\t\t\t\t\t\t\t\t\t\t\t\t\t\t\t\t<a href=\"https:\/\/festivaldhumourdeparis.com\/\" target=\"_blank\">\n\t\t\t\t\t\t\t<img fetchpriority=\"high\" decoding=\"async\" width=\"366\" height=\"531\" src=\"https:\/\/www.raphaelmezrahi.com\/wp-content\/uploads\/2022\/06\/56die13f0ojvf99v5zjdvxpvgtbg.webp\" class=\"attachment-large size-large wp-image-59\" alt=\"\" srcset=\"https:\/\/www.raphaelmezrahi.com\/wp-content\/uploads\/2022\/06\/56die13f0ojvf99v5zjdvxpvgtbg.webp 366w, https:\/\/www.raphaelmezrahi.com\/wp-content\/uploads\/2022\/06\/56die13f0ojvf99v5zjdvxpvgtbg-207x300.webp 207w\" sizes=\"(max-width: 366px) 100vw, 366px\" \/>\t\t\t\t\t\t\t\t<\/a>\n\t\t\t\t\t\t\t\t\t\t\t\t\t\t\t<\/div>\n\t\t\t\t<\/div>\n\t\t\t\t\t<\/div>\n\t\t<\/div>\n\t\t\t\t\t<\/div>\n\t\t<\/section>\n\t\t\t\t<section class=\"elementor-section elementor-top-section elementor-element elementor-element-653322c elementor-section-boxed elementor-section-height-default elementor-section-height-default\" data-id=\"653322c\" data-element_type=\"section\">\n\t\t\t\t\t\t<div class=\"elementor-container elementor-column-gap-default\">\n\t\t\t\t\t<div class=\"elementor-column elementor-col-100 elementor-top-column elementor-element elementor-element-e9f4104\" data-id=\"e9f4104\" data-element_type=\"column\">\n\t\t\t<div class=\"elementor-widget-wrap elementor-element-populated\">\n\t\t\t\t\t\t<div class=\"elementor-element elementor-element-d22dc7e elementor-shape-rounded elementor-grid-0 e-grid-align-center elementor-widget elementor-widget-social-icons\" data-id=\"d22dc7e\" data-element_type=\"widget\" data-widget_type=\"social-icons.default\">\n\t\t\t\t<div class=\"elementor-widget-container\">\n\t\t\t\t\t\t\t<div class=\"elementor-social-icons-wrapper elementor-grid\" role=\"list\">\n\t\t\t\t\t\t\t<span class=\"elementor-grid-item\" role=\"listitem\">\n\t\t\t\t\t<a class=\"elementor-icon elementor-social-icon elementor-social-icon-facebook elementor-repeater-item-98d5672\" href=\"https:\/\/www.facebook.com\/raphmezrahi\" target=\"_blank\">\n\t\t\t\t\t\t<span class=\"elementor-screen-only\">Facebook<\/span>\n\t\t\t\t\t\t<i aria-hidden=\"true\" class=\"fab fa-facebook\"><\/i>\t\t\t\t\t<\/a>\n\t\t\t\t<\/span>\n\t\t\t\t\t\t\t<span class=\"elementor-grid-item\" role=\"listitem\">\n\t\t\t\t\t<a class=\"elementor-icon elementor-social-icon elementor-social-icon-twitter elementor-repeater-item-9f0f85a\" href=\"https:\/\/twitter.com\/raphmezrahi\" target=\"_blank\">\n\t\t\t\t\t\t<span class=\"elementor-screen-only\">Twitter<\/span>\n\t\t\t\t\t\t<i aria-hidden=\"true\" class=\"fab fa-twitter\"><\/i>\t\t\t\t\t<\/a>\n\t\t\t\t<\/span>\n\t\t\t\t\t\t\t<span class=\"elementor-grid-item\" role=\"listitem\">\n\t\t\t\t\t<a class=\"elementor-icon elementor-social-icon elementor-social-icon-instagram elementor-repeater-item-b6d3bd4\" href=\"https:\/\/www.instagram.com\/raphmezrahi\/\" target=\"_blank\">\n\t\t\t\t\t\t<span class=\"elementor-screen-only\">Instagram<\/span>\n\t\t\t\t\t\t<i aria-hidden=\"true\" class=\"fab fa-instagram\"><\/i>\t\t\t\t\t<\/a>\n\t\t\t\t<\/span>\n\t\t\t\t\t<\/div>\n\t\t\t\t\t\t<\/div>\n\t\t\t\t<\/div>\n\t\t\t\t\t<\/div>\n\t\t<\/div>\n\t\t\t\t\t<\/div>\n\t\t<\/section>\n\t\t\t\t<\/div>\n\t\t","protected":false},"excerpt":{"rendered":"<p>Raphael Mezrahi 10 mois ago RT @rosekeren: Depuis le temps que je r\u00eave d\u2019y participer\u2026 Merci @raphmezrahi d\u2019avoir compris que la d\u00e9prime et moi, c\u2019est une grande histo\u2026 Consulter Raphael Mezrahi 10 mois ago RT @francebleu: Dans #MaFrance, @raphmezrahi d\u00e9voile les coulisses de sa 9e #NuitDeLaDeprime au profit de la cause animale @FoliesOfficiel\u2026 Consulter Raphael &hellip;<\/p>\n<p class=\"read-more\"> <a class=\"\" href=\"https:\/\/www.raphaelmezrahi.com\/\"> <span class=\"screen-reader-text\">Raphael Mezrahi<\/span> Lire la suite\u00a0\u00bb<\/a><\/p>\n","protected":false},"author":2,"featured_media":0,"parent":0,"menu_order":0,"comment_status":"closed","ping_status":"closed","template":"elementor_header_footer","meta":{"site-sidebar-layout":"no-sidebar","site-content-layout":"page-builder","ast-global-header-display":"","ast-main-header-display":"","ast-hfb-above-header-display":"","ast-hfb-below-header-display":"","ast-hfb-mobile-header-display":"","site-post-title":"disabled","ast-breadcrumbs-content":"","ast-featured-img":"disabled","footer-sml-layout":"","theme-transparent-header-meta":"","adv-header-id-meta":"","stick-header-meta":"","header-above-stick-meta":"","header-main-stick-meta":"","header-below-stick-meta":"","footnotes":""},"class_list":["post-10","page","type-page","status-publish","hentry"],"_links":{"self":[{"href":"https:\/\/www.raphaelmezrahi.com\/index.php\/wp-json\/wp\/v2\/pages\/10","targetHints":{"allow":["GET"]}}],"collection":[{"href":"https:\/\/www.raphaelmezrahi.com\/index.php\/wp-json\/wp\/v2\/pages"}],"about":[{"href":"https:\/\/www.raphaelmezrahi.com\/index.php\/wp-json\/wp\/v2\/types\/page"}],"author":[{"embeddable":true,"href":"https:\/\/www.raphaelmezrahi.com\/index.php\/wp-json\/wp\/v2\/users\/2"}],"replies":[{"embeddable":true,"href":"https:\/\/www.raphaelmezrahi.com\/index.php\/wp-json\/wp\/v2\/comments?post=10"}],"version-history":[{"count":55,"href":"https:\/\/www.raphaelmezrahi.com\/index.php\/wp-json\/wp\/v2\/pages\/10\/revisions"}],"predecessor-version":[{"id":112,"href":"https:\/\/www.raphaelmezrahi.com\/index.php\/wp-json\/wp\/v2\/pages\/10\/revisions\/112"}],"wp:attachment":[{"href":"https:\/\/www.raphaelmezrahi.com\/index.php\/wp-json\/wp\/v2\/media?parent=10"}],"curies":[{"name":"wp","href":"https:\/\/api.w.org\/{rel}","templated":true}]}}